{"id":83,"date":"2022-02-10T09:13:14","date_gmt":"2022-02-10T09:13:14","guid":{"rendered":"https:\/\/wachsmuth-logistik.de\/?page_id=83"},"modified":"2022-02-10T11:51:07","modified_gmt":"2022-02-10T11:51:07","slug":"offene-jobs","status":"publish","type":"page","link":"https:\/\/wachsmuth-logistik.de\/?page_id=83","title":{"rendered":"Offene Jobs"},"content":{"rendered":"\n<h2 class=\"wp-block-heading\" id=\"lkw-fahrer-m-w-d-in-vollzeit-fur-nachtlinie-ab-garbsen\"><strong>LKW Fahrer (m\/w\/d) in Vollzeit f\u00fcr Nachtlinie ab Garbsen<\/strong><\/h2>\n\n\n\n<p><strong>Wir bieten:<\/strong><\/p>\n\n\n\n<p>\u2022 Eine 5 Tage Woche (ca. 45 Std.) von Sonntag bis Donnerstag<br>\u2022 Geregelte Arbeitszeit (t\u00e4glich 9 Std. Schichtzeit) zwischen 22:00 Uhr \u2013 07:00 Uhr<br>\u2022 Kollegiales Arbeitsklima<br>\u2022 Einarbeitung bei vollem Lohnausgleich<br>\u2022 Vorgeplante und einfache Touren<\/p>\n\n\n\n<p><strong>Eckdaten und Aufgaben:<\/strong><\/p>\n\n\n\n<p>\u2022 Arbeitsverh\u00e4ltnis: Sozialversicherungspflichtige Festanstellung in Vollzeit<br>\u2022 Einsatzort \/ Start der Tour: 30827 Garbsen<br>\u2022 Tourenverlauf: innerhalb Nord- und Ostdeutschland<br>\u2022 Eingesetzte Fahrzeuge: Sattelzugmaschinen<br>\u2022 Es werden ausschlie\u00dflich gewerbliche Kunden beliefert<br>\u2022 Be- und Entladung durch den Kunden \/ zum Teil auch Trailertauschauftr\u00e4ge<br>\u2022 Pflege und Betankung des Fahrzeugs<\/p>\n\n\n\n<p><strong>Ihr Profil:<\/strong><\/p>\n\n\n\n<p>\u2714 F\u00fchrerschein Klasse CE und g\u00fcltige Kennziffer 95<br>\u2714 Berufserfahrung als Kraftfahrer (m\/w\/d) und mit dauerhafter Nachtarbeit einverstanden<br>\u2714 Gute Deutschkenntnisse f\u00fcr die Gespr\u00e4che im Team und mit den Mitarbeitern des Kunden<br>\u2714 P\u00fcnktlichkeit, Zuverl\u00e4ssigkeit und ein Leben in geordneten Verh\u00e4ltnisse setzen wir voraus<br>\u2714 Freundlichkeit im Umgang mit Kunden und ein gepflegtes \u00c4u\u00dferes runden Ihr<br>Profil ab<\/p>\n\n\n\n<p>Haben Sie Interesse daran sich in ein gutes Team einzuarbeiten, feste Arbeitsabl\u00e4ufe umzusetzen und k\u00f6nnen dank Ihrer Berufserfahrung das Team sinnvoll erg\u00e4nzen, dann w\u00fcrden wir und \u00fcber eine Bewerbung von Ihnen sehr freuen.<\/p>\n\n\n\n<p><strong>Wir freuen uns auf Ihre Bewerbung!<\/strong><\/p>\n\n\n\n<p><strong><em>info@wachsmuth-logistik.de<\/em><\/strong><\/p>\n","protected":false},"excerpt":{"rendered":"<p>LKW Fahrer (m\/w\/d) in Vollzeit f\u00fcr Nachtlinie ab Garbsen Wir bieten: \u2022 Eine 5 Tage Woche (ca. 45 Std.) von Sonntag bis Donnerstag\u2022 Geregelte Arbeitszeit (t\u00e4glich 9 Std. Schichtzeit) zwischen 22:00 Uhr \u2013 07:00 Uhr\u2022 Kollegiales Arbeitsklima\u2022 Einarbeitung bei vollem Lohnausgleich\u2022 Vorgeplante und einfache Touren Eckdaten und Aufgaben: \u2022 Arbeitsverh\u00e4ltnis: Sozialversicherungspflichtige Festanstellung in Vollzeit\u2022 Einsatzort&hellip;&nbsp;<a href=\"https:\/\/wachsmuth-logistik.de\/?page_id=83\" class=\"\" rel=\"bookmark\">Weiterlesen &raquo;<span class=\"screen-reader-text\">Offene Jobs<\/span><\/a><\/p>\n","protected":false},"author":1,"featured_media":32,"parent":0,"menu_order":0,"comment_status":"closed","ping_status":"closed","template":"","meta":{"neve_meta_sidebar":"","neve_meta_container":"","neve_meta_enable_content_width":"","neve_meta_content_width":0,"neve_meta_title_alignment":"","neve_meta_author_avatar":"","neve_post_elements_order":"","neve_meta_disable_header":"","neve_meta_disable_footer":"","neve_meta_disable_title":"","footnotes":""},"_links":{"self":[{"href":"https:\/\/wachsmuth-logistik.de\/index.php?rest_route=\/wp\/v2\/pages\/83"}],"collection":[{"href":"https:\/\/wachsmuth-logistik.de\/index.php?rest_route=\/wp\/v2\/pages"}],"about":[{"href":"https:\/\/wachsmuth-logistik.de\/index.php?rest_route=\/wp\/v2\/types\/page"}],"author":[{"embeddable":true,"href":"https:\/\/wachsmuth-logistik.de\/index.php?rest_route=\/wp\/v2\/users\/1"}],"replies":[{"embeddable":true,"href":"https:\/\/wachsmuth-logistik.de\/index.php?rest_route=%2Fwp%2Fv2%2Fcomments&post=83"}],"version-history":[{"count":4,"href":"https:\/\/wachsmuth-logistik.de\/index.php?rest_route=\/wp\/v2\/pages\/83\/revisions"}],"predecessor-version":[{"id":111,"href":"https:\/\/wachsmuth-logistik.de\/index.php?rest_route=\/wp\/v2\/pages\/83\/revisions\/111"}],"wp:featuredmedia":[{"embeddable":true,"href":"https:\/\/wachsmuth-logistik.de\/index.php?rest_route=\/wp\/v2\/media\/32"}],"wp:attachment":[{"href":"https:\/\/wachsmuth-logistik.de\/index.php?rest_route=%2Fwp%2Fv2%2Fmedia&parent=83"}],"curies":[{"name":"wp","href":"https:\/\/api.w.org\/{rel}","templated":true}]}}